{"id":508,"date":"2019-03-17T12:29:03","date_gmt":"2019-03-17T12:29:03","guid":{"rendered":"https:\/\/womoto.de\/?page_id=508"},"modified":"2019-03-17T12:29:04","modified_gmt":"2019-03-17T12:29:04","slug":"unser-gaestebuch","status":"publish","type":"page","link":"https:\/\/womoto.de\/?page_id=508","title":{"rendered":"Unser G\u00e4stebuch"},"content":{"rendered":"<div class=\"gwolle-gb\"><div class=\"gwolle-gb-messages-top-container\"><\/div>\n\t\t\t<div class=\"gwolle-gb-write-button\">\n\t\t\t\t<input type=\"button\" name=\"gwolle-gb-write-button\" class=\"button btn btn-default \" value=\"Neuen Eintrag schreiben\" aria-expanded=\"false\" \/>\n\t\t\t<\/div>\n\t\t\t<form action=\"#\" method=\"POST\" class=\"gwolle-gb-write gwolle-gb-hide gwolle-gb-float gwolle-gb-form-ajax gwolle-gb-ajax gwolle-gb-not-logged-in\">\n\t\t\t\t<h3>Einen neuen Eintrag f\u00fcr das G\u00e4stebuch schreiben<\/h3>\n\t\t\t\t<button type=\"button\" class=\"gb-notice-dismiss\">x<span class=\"screen-reader-text\">Dieses Formular ausblenden<\/span><\/button>\n\t\t\t\n\t\t\t\t<input type=\"hidden\" name=\"gwolle_gb_function\" class=\"gwolle_gb_function\" value=\"add_entry\" \/><input type=\"hidden\" name=\"gwolle_gb_book_id\" class=\"gwolle_gb_book_id\" value=\"1\" \/><div class=\"gwolle_gb_bf3da15138615017c7fe542ef7aad53a\">\n\t\t\t\t<div class=\"label\"><label for=\"gwolle_gb_bf3da15138615017c7fe542ef7aad53a-1\" class=\"text-info\">Name <span class=\"required\">*<\/span><\/label><\/div>\n\t\t\t\t<div class=\"input\"><input class=\"wp-exclude-emoji gwolle_gb_bf3da15138615017c7fe542ef7aad53a\" value=\"\" type=\"text\" id=\"gwolle_gb_bf3da15138615017c7fe542ef7aad53a-1\" name=\"gwolle_gb_bf3da15138615017c7fe542ef7aad53a\" required \/><\/div>\n\t\t\t\t<div class=\"clearBoth\">&nbsp;<\/div>\n\t\t\t<\/div><div class=\"gwolle_gb_2b090771d913ec74f30eb5a59e52f1bd\">\n\t\t\t\t\t<div class=\"label\"><label for=\"gwolle_gb_2b090771d913ec74f30eb5a59e52f1bd-1\" class=\"text-info\">Stadt<\/label><\/div>\n\t\t\t\t\t<div class=\"input\"><input class=\"wp-exclude-emoji gwolle_gb_2b090771d913ec74f30eb5a59e52f1bd\" value=\"\" type=\"text\" id=\"gwolle_gb_2b090771d913ec74f30eb5a59e52f1bd-1\" name=\"gwolle_gb_2b090771d913ec74f30eb5a59e52f1bd\" \/><\/div>\n\t\t\t\t\t<div class=\"clearBoth\">&nbsp;<\/div>\n\t\t\t\t<\/div><div class=\"gwolle_gb_1d5328be7a2f0ff2ab5a12b742884021\">\n\t\t\t\t<div class=\"label\"><label for=\"gwolle_gb_1d5328be7a2f0ff2ab5a12b742884021-1\" class=\"text-info\">E-Mail <span class=\"required\">*<\/span><\/label><\/div>\n\t\t\t\t<div class=\"input\"><input class=\"gwolle_gb_1d5328be7a2f0ff2ab5a12b742884021\" value=\"\" type=\"email\" id=\"gwolle_gb_1d5328be7a2f0ff2ab5a12b742884021-1\" name=\"gwolle_gb_1d5328be7a2f0ff2ab5a12b742884021\" required \/><\/div>\n\t\t\t\t<div class=\"clearBoth\">&nbsp;<\/div>\n\t\t\t<\/div><div class=\"gwolle_gb_c5de41980d02b0f0b98763436f7eb654\">\n\t\t\t\t<div class=\"label\"><label for=\"gwolle_gb_c5de41980d02b0f0b98763436f7eb654-1\" class=\"text-info\">Website<\/label><\/div>\n\t\t\t\t<div class=\"input\"><input class=\"gwolle_gb_c5de41980d02b0f0b98763436f7eb654\" value=\"\" type=\"url\" id=\"gwolle_gb_c5de41980d02b0f0b98763436f7eb654-1\" name=\"gwolle_gb_c5de41980d02b0f0b98763436f7eb654\" \/><\/div>\n\t\t\t\t<div class=\"clearBoth\">&nbsp;<\/div>\n\t\t\t<\/div>\n\t\t\t<div class=\"gwolle_gb_35e9a156bc1778faa6d024963acfd0dd\" style=\"display:none;overflow:hidden;\" hidden=\"true\" aria-hidden=\"true\">\n\t\t\t\t<div class=\"label\">\n\t\t\t\t\t<label for=\"gwolle_gb_35e9a156bc1778faa6d024963acfd0dd-1\" class=\"text-primary\">Hier nichts eingeben<\/label>\n\t\t\t\t\t<label for=\"gwolle_gb_badf0606fa580e6d0e5cae291366ffb8-1\" class=\"text-primary\">Hier nichts eingeben<\/label>\n\t\t\t\t<\/div>\n\t\t\t\t<div class=\"input\">\n\t\t\t\t\t<input value=\"89\" type=\"text\" id=\"gwolle_gb_35e9a156bc1778faa6d024963acfd0dd-1\" name=\"gwolle_gb_35e9a156bc1778faa6d024963acfd0dd\" class=\"gwolle_gb_35e9a156bc1778faa6d024963acfd0dd\" style=\"transform: translateY(10000px);\" \/>\n\t\t\t\t\t<input value=\"\" type=\"text\" name=\"gwolle_gb_badf0606fa580e6d0e5cae291366ffb8\" id=\"gwolle_gb_badf0606fa580e6d0e5cae291366ffb8-1\" class=\"gwolle_gb_badf0606fa580e6d0e5cae291366ffb8\" style=\"transform: translateY(10000px);\" \/>\n\t\t\t\t<\/div>\n\t\t\t\t<div class=\"clearBoth\"><\/div>\n\t\t\t<\/div>\n\t\t\t<div class=\"gwolle_gb_18f80d0eda3296dee98fc5a3b00a8e01\" style=\"display:none;overflow:hidden;\" hidden=\"true\" aria-hidden=\"true\">\n\t\t\t\t<div class=\"label\">\n\t\t\t\t\t<label for=\"gwolle_gb_18f80d0eda3296dee98fc5a3b00a8e01-1\" class=\"text-primary\">Hier nichts eingeben<\/label>\n\t\t\t\t\t<label for=\"gwolle_gb_ffcb70bf71e8ee8f9b6092fced33cbea-1\" class=\"text-primary\">Hier nichts eingeben<\/label>\n\t\t\t\t<\/div>\n\t\t\t\t<div class=\"input\">\n\t\t\t\t\t<input value=\"38746\" type=\"text\" id=\"gwolle_gb_18f80d0eda3296dee98fc5a3b00a8e01-1\" name=\"gwolle_gb_18f80d0eda3296dee98fc5a3b00a8e01\" class=\"gwolle_gb_18f80d0eda3296dee98fc5a3b00a8e01\" style=\"transform: translateY(10000px);\" \/>\n\t\t\t\t\t<input value=\"38746\" type=\"text\"id=\"gwolle_gb_ffcb70bf71e8ee8f9b6092fced33cbea-1\" name=\"gwolle_gb_ffcb70bf71e8ee8f9b6092fced33cbea\" class=\"gwolle_gb_ffcb70bf71e8ee8f9b6092fced33cbea\" style=\"transform: translateY(10000px);\" \/>\n\t\t\t\t<\/div>\n\t\t\t\t<div class=\"clearBoth\"><\/div>\n\t\t\t<\/div><div class=\"gwolle_gb_content\">\n\t\t\t\t<div class=\"label\"><label for=\"gwolle_gb_content-1\" class=\"text-info\">G\u00e4stebucheintrag <span class=\"required\">*<\/span><\/label><\/div>\n\t\t\t\t<div class=\"input\"><textarea id=\"gwolle_gb_content-1\" name=\"gwolle_gb_content\" class=\"gwolle_gb_content wp-exclude-emoji\" required ><\/textarea><\/div>\n\t\t\t\t\t<div class=\"clearBoth\">&nbsp;<\/div>\n\t\t\t\t<\/div><input type=\"hidden\" class=\"gwolle_gb_594ba871487dbbb1e01cbdf5331893f4\" id=\"gwolle_gb_594ba871487dbbb1e01cbdf5331893f4-1\" name=\"gwolle_gb_594ba871487dbbb1e01cbdf5331893f4\" value=\"7b6a6ca85d\" \/>\n\t\t\t<div class=\"gwolle-gb-messages-bottom-container\"><\/div>\n\n\t\t\t<noscript><div class=\"no-js\">Warnung: Dieses Formular kann nur verwendet werden, wenn in deinem Browser JavaScript aktiviert ist.<\/div><\/noscript>\n\n\t\t\t<div class=\"gwolle_gb_submit gwolle-gb-submit\">\n\t\t\t\t<div class=\"label gwolle-gb-invisible text-muted\">&nbsp;<\/div>\n\t\t\t\t<div class=\"input\">\n\t\t\t\t\t<input type=\"submit\" name=\"gwolle_gb_submit\" class=\"gwolle_gb_submit button btn btn-primary \" value=\"Absenden\" \/>\n\t\t\t\t\t<span class=\"gwolle_gb_submit_ajax_icon gwolle-gb-submit-ajax-icon\"><\/span>\n\t\t\t\n\t\t\t\t<\/div>\n\t\t\t\t<div class=\"clearBoth\">&nbsp;<\/div>\n\t\t\t<\/div>\n\n\t\t\t<div class=\"gwolle_gb_notice gwolle-gb-notice\">\n\t\t\t\t<br \/>\nMit * gekennzeichnete Felder sind erforderlich.<br \/>\nDeine E-Mail-Adresse wird nicht ver\u00f6ffentlicht.<br \/>\nEs ist m\u00f6glich, dass dein Eintrag im G\u00e4stebuch erst sichtbar ist, nachdem wir ihn \u00fcberpr\u00fcft haben.<br \/>\nWir behalten uns vor, Eintr\u00e4ge zu bearbeiten, zu l\u00f6schen oder nicht zu ver\u00f6ffentlichen.<br \/>\n\n\t\t\t<\/div><\/form><div class=\"gwolle-gb-read gwolle-gb-ajax gwolle-gb-entries-list\" data-book_id=\"1\">(Noch keine Eintr\u00e4ge)<\/div><\/div>\n\n\n\n<p><\/p>\n","protected":false},"excerpt":{"rendered":"","protected":false},"author":1,"featured_media":0,"parent":0,"menu_order":0,"comment_status":"closed","ping_status":"closed","template":"","meta":{"ngg_post_thumbnail":0,"jetpack_post_was_ever_published":false},"jetpack_sharing_enabled":true,"jetpack_shortlink":"https:\/\/wp.me\/PaavYR-8c","_links":{"self":[{"href":"https:\/\/womoto.de\/index.php?rest_route=\/wp\/v2\/pages\/508"}],"collection":[{"href":"https:\/\/womoto.de\/index.php?rest_route=\/wp\/v2\/pages"}],"about":[{"href":"https:\/\/womoto.de\/index.php?rest_route=\/wp\/v2\/types\/page"}],"author":[{"embeddable":true,"href":"https:\/\/womoto.de\/index.php?rest_route=\/wp\/v2\/users\/1"}],"replies":[{"embeddable":true,"href":"https:\/\/womoto.de\/index.php?rest_route=%2Fwp%2Fv2%2Fcomments&post=508"}],"version-history":[{"count":4,"href":"https:\/\/womoto.de\/index.php?rest_route=\/wp\/v2\/pages\/508\/revisions"}],"predecessor-version":[{"id":512,"href":"https:\/\/womoto.de\/index.php?rest_route=\/wp\/v2\/pages\/508\/revisions\/512"}],"wp:attachment":[{"href":"https:\/\/womoto.de\/index.php?rest_route=%2Fwp%2Fv2%2Fmedia&parent=508"}],"curies":[{"name":"wp","href":"https:\/\/api.w.org\/{rel}","templated":true}]}}