{"id":389,"date":"2018-09-21T15:19:31","date_gmt":"2018-09-21T15:19:31","guid":{"rendered":"https:\/\/womoto.de\/?page_id=389"},"modified":"2018-09-21T15:21:48","modified_gmt":"2018-09-21T15:21:48","slug":"motorrad-transport","status":"publish","type":"page","link":"https:\/\/womoto.de\/?page_id=389","title":{"rendered":"Motorrad Transport"},"content":{"rendered":"<p>Motorrad Transport.<\/p>\n<p>Wie nehme ich mein bike am besten mit. Egal ob zur Rennstrecke oder Urlaub. Egal f\u00fcr was man sich entscheidet gibt es Vor- und Nachteile. Ich selber habe mich damit 1 Jahr besch\u00e4ftigt, was das beste w\u00e4re.<\/p>\n<p><strong>Rennstrecke:<\/strong> selber nicht aktiv dennoch kann meine Erfahrung vielleicht helfen. Familie in der Moto3 gefahren und viele bekannte in privaten Bereichen.<\/p>\n<p><strong>Urlaub:<\/strong> ja doch da kann ich was sagen. Viele Urlaube mit dem Motorrad, dann mit dem Wohnmobil und Motorrad.<\/p>\n<p>&nbsp;<\/p>\n<p>Es gibt drei M\u00f6glichkeiten:<\/p>\n<ol>\n<li>Anh\u00e4nger<\/li>\n<li>Kastenwagen<\/li>\n<li>Wohnmobil<\/li>\n<\/ol>\n<p><em><span style=\"font-size: 36pt;\">Anh\u00e4nger:<\/span><\/em><\/p>\n<table style=\"border-collapse: collapse; width: 100%;\" border=\"1\">\n<tbody>\n<tr>\n<td style=\"width: 50%;\"><span style=\"font-size: 14pt;\"><em>Vorteile<\/em><\/span><\/td>\n<td style=\"width: 50%;\"><span style=\"font-size: 14pt;\"><em>Nachteile<\/em><\/span><\/td>\n<\/tr>\n<tr>\n<td style=\"width: 50%;\">Der Anh\u00e4nger kann einfach vom Zugfahrzeug gel\u00f6st werden ,sodass man das Zugfahrzeug einzeln benutzen kann.<\/td>\n<td style=\"width: 50%;\">H\u00f6chstgeschwindigkeit begrenzt<\/td>\n<\/tr>\n<tr>\n<td style=\"width: 50%;\">Das beladen geht sehr schnell und leicht<\/td>\n<td style=\"width: 50%;\">Maut im Ausland viel h\u00f6her<\/td>\n<\/tr>\n<tr>\n<td style=\"width: 50%;\">Geringer Unterhalt<\/td>\n<td style=\"width: 50%;\">&nbsp;<\/td>\n<\/tr>\n<tr>\n<td style=\"width: 50%;\">&nbsp;<\/td>\n<td style=\"width: 50%;\">&nbsp;<\/td>\n<\/tr>\n<\/tbody>\n<\/table>\n<p><em><span style=\"font-size: 36pt;\">Kastenwagen:<\/span><\/em><\/p>\n<table style=\"border-collapse: collapse; width: 100%;\" border=\"1\">\n<tbody>\n<tr>\n<td style=\"width: 50%;\"><em><span style=\"font-size: 14pt;\">Vorteile<\/span><\/em><\/td>\n<td style=\"width: 50%;\"><em><span style=\"font-size: 14pt;\">Nachteile<\/span><\/em><\/td>\n<\/tr>\n<tr>\n<td style=\"width: 50%;\">H\u00f6chstgeschwindigkeit liegt h\u00f6her<\/td>\n<td style=\"width: 50%;\">wenig platz (wenn das bike noch drin ist)<\/td>\n<\/tr>\n<tr>\n<td style=\"width: 50%;\">Unauff\u00e4llig<\/td>\n<td style=\"width: 50%;\">mehr Unterhaltskosten als Anh\u00e4nger (\u00d6lwechsel, Inspektionen usw.)<\/td>\n<\/tr>\n<tr>\n<td style=\"width: 50%;\">alles verschlossen (Diebstahl)<\/td>\n<td style=\"width: 50%;\">&nbsp;<\/td>\n<\/tr>\n<\/tbody>\n<\/table>\n<p><em><span style=\"font-size: 36pt;\">Wohnmobil:<\/span><\/em><\/p>\n<table style=\"border-collapse: collapse; width: 100%;\" border=\"1\">\n<tbody>\n<tr>\n<td style=\"width: 50%;\"><span style=\"font-size: 18pt;\"><em>Vorteile<\/em><\/span><\/td>\n<td style=\"width: 50%;\"><span style=\"font-size: 18pt;\"><em>Nachteile<\/em><\/span><\/td>\n<\/tr>\n<tr>\n<td style=\"width: 50%;\">H\u00f6chstgeschwindigkeit liegt auf dem Niveau vom Kastenwagen<\/td>\n<td style=\"width: 50%;\">Hoher Einkaufpreis und Unterhalt<\/td>\n<\/tr>\n<tr>\n<td style=\"width: 50%;\">Viel platz zum Wohnen<\/td>\n<td style=\"width: 50%;\">Zu hoch, zu Breit, schwierig in Urlaub voran zu kommen<\/td>\n<\/tr>\n<tr>\n<td style=\"width: 50%;\">Dusche, WC alles an Bord kein verlangen nach einem Hotel<\/td>\n<td style=\"width: 50%;\">&nbsp;<\/td>\n<\/tr>\n<\/tbody>\n<\/table>\n<p>Mein Fazit:<\/p>\n<p>Rennstrecke: Geschlossener Anh\u00e4nger -( Kasten- oder Wohnmobil ohne Hotel. ) sonst PKW<\/p>\n<p>Urlaub: Wohnmobil ( wenn die Reisegeschwindigkeit und Maut egal sind dann mit Anh\u00e4nger )<\/p>\n<p>&nbsp;<\/p>\n","protected":false},"excerpt":{"rendered":"<p>Motorrad Transport. Wie nehme ich mein bike am besten mit. Egal ob zur Rennstrecke oder Urlaub. Egal f\u00fcr was man sich entscheidet gibt es Vor- und Nachteile. Ich selber habe mich damit 1 Jahr besch\u00e4ftigt, was das beste w\u00e4re. Rennstrecke: selber nicht aktiv dennoch kann meine Erfahrung vielleicht helfen. Familie<\/p>\n","protected":false},"author":1,"featured_media":0,"parent":40,"menu_order":0,"comment_status":"open","ping_status":"closed","template":"","meta":{"ngg_post_thumbnail":0,"jetpack_post_was_ever_published":false},"jetpack_sharing_enabled":true,"jetpack_shortlink":"https:\/\/wp.me\/PaavYR-6h","_links":{"self":[{"href":"https:\/\/womoto.de\/index.php?rest_route=\/wp\/v2\/pages\/389"}],"collection":[{"href":"https:\/\/womoto.de\/index.php?rest_route=\/wp\/v2\/pages"}],"about":[{"href":"https:\/\/womoto.de\/index.php?rest_route=\/wp\/v2\/types\/page"}],"author":[{"embeddable":true,"href":"https:\/\/womoto.de\/index.php?rest_route=\/wp\/v2\/users\/1"}],"replies":[{"embeddable":true,"href":"https:\/\/womoto.de\/index.php?rest_route=%2Fwp%2Fv2%2Fcomments&post=389"}],"version-history":[{"count":1,"href":"https:\/\/womoto.de\/index.php?rest_route=\/wp\/v2\/pages\/389\/revisions"}],"predecessor-version":[{"id":390,"href":"https:\/\/womoto.de\/index.php?rest_route=\/wp\/v2\/pages\/389\/revisions\/390"}],"up":[{"embeddable":true,"href":"https:\/\/womoto.de\/index.php?rest_route=\/wp\/v2\/pages\/40"}],"wp:attachment":[{"href":"https:\/\/womoto.de\/index.php?rest_route=%2Fwp%2Fv2%2Fmedia&parent=389"}],"curies":[{"name":"wp","href":"https:\/\/api.w.org\/{rel}","templated":true}]}}